{"id":175,"date":"2021-06-21T09:11:43","date_gmt":"2021-06-21T12:11:43","guid":{"rendered":"http:\/\/ilaq.com.br\/?page_id=175"},"modified":"2021-08-31T14:32:07","modified_gmt":"2021-08-31T17:32:07","slug":"inicio","status":"publish","type":"page","link":"https:\/\/ilaq.com.br\/","title":{"rendered":"In\u00edcio"},"content":{"rendered":"<div data-colibri-id=\"175-c1\" class=\"style-306 style-local-175-c1 position-relative\">\n  <!---->\n  <div data-colibri-component=\"section\" data-colibri-id=\"175-c2\" id=\"overlappable\" class=\"h-section h-section-global-spacing d-flex align-items-lg-center align-items-md-center align-items-center style-313 style-local-175-c2 position-relative\">\n    <!---->\n    <!---->\n    <div class=\"h-section-grid-container h-section-boxed-container\">\n      <!---->\n      <div data-colibri-id=\"175-c3\" class=\"h-row-container gutters-row-lg-0 gutters-row-md-0 gutters-row-2 gutters-row-v-lg-0 gutters-row-v-md-0 gutters-row-v-2 style-314 style-local-175-c3 position-relative\">\n        <!---->\n        <div class=\"h-row justify-content-lg-center justify-content-md-center justify-content-center align-items-lg-stretch align-items-md-stretch align-items-stretch gutters-col-lg-0 gutters-col-md-0 gutters-col-2 gutters-col-v-lg-0 gutters-col-v-md-0 gutters-col-v-2\">\n          <!---->\n          <div class=\"h-column h-column-container d-flex h-col-lg-4 h-col-md-4 h-col-12 style-315-outer style-local-175-c4-outer\">\n            <div data-colibri-id=\"175-c4\" class=\"d-flex h-flex-basis h-column__inner h-px-lg-3 h-px-md-3 h-px-2 v-inner-lg-3 v-inner-md-3 v-inner-2 style-315 style-local-175-c4 position-relative\">\n              <!---->\n              <!---->\n              <div class=\"w-100 h-y-container h-column__content h-column__v-align flex-basis-100 align-self-lg-center align-self-md-center align-self-center\">\n                <!---->\n                <div data-colibri-id=\"175-c5\" class=\"h-icon style-316 style-local-175-c5 position-relative h-element\">\n                  <!----><span class=\"h-svg-icon h-icon__icon style-316-icon style-local-175-c5-icon\"><!--Icon by Material Icons (https:\/\/material.io)--><svg version=\"1.1\" xmlns=\"http:\/\/www.w3.org\/2000\/svg\" xmlns:xlink=\"http:\/\/www.w3.org\/1999\/xlink\" id=\"attach_money\" viewBox=\"0 0 512 512\"><path d=\"M252 233q22 6 36.5 12t30.5 16.5q16 10.5 24.5 26.5t8.5 38q0 31-20.5 50.5T277 402v46h-64v-46q-33-7-54.5-28T135 320h47q4 45 63 45 31 0 44.5-11.5T303 327q0-36-64-52-100-23-100-88 0-29 21-49.5t53-27.5V64h64v47q33 8 50.5 30t18.5 51h-47q-2-45-54-45-26 0-41.5 11T188 187q0 29 64 46z\"><\/path><\/svg><\/span><\/div>\n                <div\n                  data-colibri-id=\"175-c6\" class=\"h-global-transition-all h-heading style-317 style-local-175-c6 position-relative h-element\">\n                  <!---->\n                  <div class=\"h-heading__outer style-317 style-local-175-c6\">\n                    <!---->\n                    <!---->\n                    <h5 class=\"\">melhores pre\u00e7os<\/h5>\n                  <\/div>\n              <\/div>\n              <div data-colibri-id=\"175-c7\" class=\"h-text h-text-component style-318 style-local-175-c7 position-relative h-element\">\n                <!---->\n                <!---->\n                <div class=\"\">\n                  <p>Voc\u00ea n\u00e3o precisa pagar caro para se qualificar. Nossos pre\u00e7os s\u00e3o acess\u00edveis!<\/p>\n                <\/div>\n              <\/div>\n            <\/div>\n          <\/div>\n        <\/div>\n        <div class=\"h-column h-column-container d-flex h-col-lg-4 h-col-md-4 h-col-12 style-315-outer style-local-175-c8-outer\">\n          <div data-colibri-id=\"175-c8\" class=\"d-flex h-flex-basis h-column__inner h-px-lg-3 h-px-md-3 h-px-2 v-inner-lg-3 v-inner-md-3 v-inner-2 style-315 style-local-175-c8 position-relative\">\n            <!---->\n            <!---->\n            <div class=\"w-100 h-y-container h-column__content h-column__v-align flex-basis-100 align-self-lg-center align-self-md-center align-self-center\">\n              <!---->\n              <div data-colibri-id=\"175-c9\" class=\"h-icon style-316 style-local-175-c9 position-relative h-element\">\n                <!----><span class=\"h-svg-icon h-icon__icon style-316-icon style-local-175-c9-icon\"><!--Icon by Material Icons (https:\/\/material.io)--><svg version=\"1.1\" xmlns=\"http:\/\/www.w3.org\/2000\/svg\" xmlns:xlink=\"http:\/\/www.w3.org\/1999\/xlink\" id=\"laptop_mac\" viewBox=\"0 0 512 512\"><path d=\"M241 399q6 6 15 6t15-6q6-6 6-15t-6-15q-6-6-15-6t-15 6q-6 6-6 15t6 15zM85 107v234h342V107H85zm342 277h85q0 17-13 30t-30 13H43q-17 0-30-13T0 384h85q-17 0-29.5-13T43 341V107q0-17 12.5-30T85 64h342q17 0 29.5 13t12.5 30v234q0 17-12.5 30T427 384z\"><\/path><\/svg><\/span><\/div>\n              <div\n                data-colibri-id=\"175-c10\" class=\"h-global-transition-all h-heading style-317 style-local-175-c10 position-relative h-element\">\n                <!---->\n                <div class=\"h-heading__outer style-317 style-local-175-c10\">\n                  <!---->\n                  <!---->\n                  <h5 class=\"\">100% online<\/h5>\n                <\/div>\n            <\/div>\n            <div data-colibri-id=\"175-c11\" class=\"h-text h-text-component style-318 style-local-175-c11 position-relative h-element\">\n              <!---->\n              <!---->\n              <div class=\"\">\n                <p>Utilizamos a plataforma Hotmart<span style=\"color: rgb(77, 81, 86); font-family: arial, sans-serif; font-size: 14px; font-weight: 400;\">\u00a9&nbsp;<\/span> para a venda de nossos cursos.<\/p>\n              <\/div>\n            <\/div>\n          <\/div>\n        <\/div>\n      <\/div>\n      <div class=\"h-column h-column-container d-flex h-col-lg-4 h-col-md-4 h-col-12 style-319-outer style-local-175-c12-outer\">\n        <div data-colibri-id=\"175-c12\" class=\"d-flex h-flex-basis h-column__inner h-px-lg-3 h-px-md-3 h-px-2 v-inner-lg-3 v-inner-md-3 v-inner-2 style-319 style-local-175-c12 position-relative\">\n          <!---->\n          <!---->\n          <div class=\"w-100 h-y-container h-column__content h-column__v-align flex-basis-100 align-self-lg-center align-self-md-center align-self-center\">\n            <!---->\n            <div data-colibri-id=\"175-c13\" class=\"h-icon style-316 style-local-175-c13 position-relative h-element\">\n              <!----><span class=\"h-svg-icon h-icon__icon style-316-icon style-local-175-c13-icon\"><!--Icon by Ionicons (https:\/\/ionicons.com)--><svg version=\"1.1\" xmlns=\"http:\/\/www.w3.org\/2000\/svg\" xmlns:xlink=\"http:\/\/www.w3.org\/1999\/xlink\" id=\"android-happy\" viewBox=\"0 0 416 512\"><path d=\"M208 48c114 0 208 94 208 208s-93 208-208 208S0 370 0 256 93 48 208 48zm0 374c92 0 166-74 166-166S300 90 208 90 42 164 42 256s74 166 166 166zm73-187c-18 0-31-13-31-31s13-31 31-31 31 13 31 31-13 31-31 31zm-146 0c-18 0-31-13-31-31s13-31 31-31 31 13 31 31-13 31-31 31zm73 135c-49 0-89-29-106-72h212c-17 43-57 72-106 72z\"><\/path><\/svg><\/span><\/div>\n            <div\n              data-colibri-id=\"175-c14\" class=\"h-global-transition-all h-heading style-317 style-local-175-c14 position-relative h-element\">\n              <!---->\n              <div class=\"h-heading__outer style-317 style-local-175-c14\">\n                <!---->\n                <!---->\n                <h5 class=\"\">melhores professores<\/h5>\n              <\/div>\n          <\/div>\n          <div data-colibri-id=\"175-c15\" class=\"h-text h-text-component style-318 style-local-175-c15 position-relative h-element\">\n            <!---->\n            <!---->\n            <div class=\"\">\n              <p>Aprenda com profissionais especializados e experientes.<\/p>\n            <\/div>\n          <\/div>\n        <\/div>\n      <\/div>\n    <\/div>\n  <\/div>\n<\/div>\n<\/div>\n<\/div>\n<div data-colibri-component=\"section\" data-colibri-id=\"175-c16\" id=\"about\" class=\"h-section h-section-global-spacing d-flex align-items-lg-center align-items-md-center align-items-center style-323 style-local-175-c16 position-relative\">\n  <!---->\n  <!---->\n  <div class=\"h-section-grid-container h-section-boxed-container\">\n    <!---->\n    <div data-colibri-id=\"175-c17\" class=\"h-row-container gutters-row-lg-0 gutters-row-md-0 gutters-row-0 gutters-row-v-lg-0 gutters-row-v-md-0 gutters-row-v-0 style-324 style-local-175-c17 position-relative\">\n      <!---->\n      <div class=\"h-row justify-content-lg-center justify-content-md-center justify-content-center align-items-lg-stretch align-items-md-stretch align-items-stretch gutters-col-lg-0 gutters-col-md-0 gutters-col-0 gutters-col-v-lg-0 gutters-col-v-md-0 gutters-col-v-0\">\n        <!---->\n        <div class=\"h-column h-column-container d-flex h-col-lg-auto h-col-md-auto h-col-auto style-325-outer style-local-175-c18-outer\">\n          <div data-colibri-id=\"175-c18\" class=\"d-flex h-flex-basis h-column__inner h-px-lg-0 h-px-md-0 h-px-0 v-inner-lg-0 v-inner-md-0 v-inner-0 style-325 style-local-175-c18 position-relative\">\n            <!---->\n            <!---->\n            <div class=\"w-100 h-y-container h-column__content h-column__v-align flex-basis-100 align-self-lg-start align-self-md-start align-self-start\">\n              <!---->\n              <div data-colibri-id=\"175-c19\" class=\"h-global-transition-all h-heading style-327 style-local-175-c19 position-relative h-element\">\n                <!---->\n                <div class=\"h-heading__outer style-327 style-local-175-c19\">\n                  <!---->\n                  <!---->\n                  <h2 class=\"\">Trabalhamos pela sa\u00fade<\/h2>\n                <\/div>\n              <\/div>\n              <div data-colibri-id=\"175-c20\" class=\"h-text h-text-component style-328 style-local-175-c20 position-relative h-element\">\n                <!---->\n                <!---->\n                <div class=\"\">\n                  <p><strong style=\"color: rgb(70, 112, 127); font-family: Nunito, sans-serif; font-size: 12pt; font-weight: 400;\">Somos desenvolvedores&nbsp;de cursos de treinamento na \u00e1rea da sa\u00fade. Estamos sempre atualizados e adicionamos, frequentemente, novos treinamentos da plataforma Hotmart\u00a9, que podem ser acessados diretamente do nosso site na aba &#8220;nossos cursos&#8221;. \u00c9 s\u00f3 entrar no link, fazer seu cadastro, escolher seu curso e comprar. \ud83d\ude09 <\/strong><\/p>\n                <\/div>\n              <\/div>\n            <\/div>\n          <\/div>\n        <\/div>\n        <div class=\"h-column h-column-container d-flex h-col-lg-auto h-col-md-auto h-col-auto style-413-outer style-local-175-c21-outer\">\n          <div data-colibri-id=\"175-c21\" class=\"d-flex h-flex-basis h-column__inner h-px-lg-2 h-px-md-2 h-px-2 v-inner-lg-2 v-inner-md-2 v-inner-2 style-413 style-local-175-c21 position-relative\">\n            <!---->\n            <!---->\n            <div class=\"w-100 h-y-container h-column__content h-column__v-align flex-basis-100 align-self-lg-start align-self-md-start align-self-start\">\n              <!---->\n              <div data-colibri-id=\"175-c22\" class=\"d-block style-414 style-local-175-c22 position-relative h-element\">\n                <!---->\n                <div class=\"h-image__frame-container-outer\">\n                  <div class=\"h-image__frame-container\">\n                    <!---->\n                    <!---->\n                    <img loading=\"lazy\" width=\"1877\" height=\"1707\" src=\"http:\/\/ilaq.com.br\/wp-content\/uploads\/2021\/06\/cropped-shutterstock_1641587356-scaled-1.jpg\" class=\"wp-image-291 style-414-image style-local-175-c22-image\" srcset=\"https:\/\/ilaq.com.br\/wp-content\/uploads\/2021\/06\/cropped-shutterstock_1641587356-scaled-1.jpg 1877w, https:\/\/ilaq.com.br\/wp-content\/uploads\/2021\/06\/cropped-shutterstock_1641587356-scaled-1-300x273.jpg 300w, https:\/\/ilaq.com.br\/wp-content\/uploads\/2021\/06\/cropped-shutterstock_1641587356-scaled-1-1024x931.jpg 1024w, https:\/\/ilaq.com.br\/wp-content\/uploads\/2021\/06\/cropped-shutterstock_1641587356-scaled-1-768x698.jpg 768w, https:\/\/ilaq.com.br\/wp-content\/uploads\/2021\/06\/cropped-shutterstock_1641587356-scaled-1-1536x1397.jpg 1536w\" sizes=\"(max-width: 1877px) 100vw, 1877px\" alt=\"\" \/>\n                    <div class=\"h-image__frame h-hide-lg h-hide-md h-hide-sm style-414-frameImage style-local-175-c22-frameImage\"><\/div>\n                  <\/div>\n                <\/div>\n              <\/div>\n            <\/div>\n          <\/div>\n        <\/div>\n      <\/div>\n    <\/div>\n  <\/div>\n<\/div>\n<div data-colibri-component=\"section\" data-colibri-id=\"175-c23\" id=\"custom\" class=\"h-section h-section-global-spacing d-flex align-items-lg-center align-items-md-center align-items-center style-421 style-local-175-c23 position-relative\">\n  <div class=\"background-wrapper\">\n    <div class=\"background-layer background-layer-media-container-lg\">\n      <div data-enabled=\"true\" data-colibri-component=\"parallax\" class=\"background-layer paraxify\" model-id=\"175-c23\" media=\"desktop\" is-preview=\"true\" style=\"background-image: url(&quot;http:\/\/ilaq.com.br\/wp-content\/uploads\/2021\/06\/cropped-shutterstock_632984012-scaled-3.jpg&quot;);\"><\/div>\n    <\/div>\n    <div class=\"background-layer background-layer-media-container-md\">\n      <div data-enabled=\"true\" data-colibri-component=\"parallax\" class=\"background-layer paraxify\" model-id=\"175-c23\" media=\"tablet\" is-preview=\"true\" style=\"background-image: url(&quot;http:\/\/ilaq.com.br\/wp-content\/uploads\/2021\/06\/cropped-shutterstock_632984012-scaled-3.jpg&quot;);\"><\/div>\n    <\/div>\n    <div class=\"background-layer background-layer-media-container\">\n      <div data-enabled=\"true\" data-colibri-component=\"parallax\" class=\"background-layer paraxify\" model-id=\"175-c23\" media=\"mobile\" is-preview=\"true\" style=\"background-image: url(&quot;http:\/\/ilaq.com.br\/wp-content\/uploads\/2021\/06\/cropped-shutterstock_632984012-scaled-3.jpg&quot;);\"><\/div>\n    <\/div>\n  <\/div>\n  <div class=\"h-separator\" style=\"height: 195px; top: calc(0px);\">\n    <svg style=\"fill:#FFFFFF;\" xmlns=\"http:\/\/www.w3.org\/2000\/svg\" viewBox=\"0 0 1000 100\" preserveAspectRatio=\"none\">\n      <path class=\"svg-white-bg\" d=\"M761.9,44.1L643.1,27.2L333.8,98L0,3.8V0l1000,0v3.9\"><\/path>\n    <\/svg>\n  <\/div>\n  <div class=\"h-section-grid-container h-section-boxed-container\">\n    <!---->\n    <div data-colibri-id=\"175-c24\" class=\"h-row-container gutters-row-lg-2 gutters-row-md-2 gutters-row-0 gutters-row-v-lg-2 gutters-row-v-md-2 gutters-row-v-2 style-422 style-local-175-c24 position-relative\">\n      <!---->\n      <div class=\"h-row justify-content-lg-center justify-content-md-center justify-content-center align-items-lg-stretch align-items-md-stretch align-items-stretch gutters-col-lg-2 gutters-col-md-2 gutters-col-0 gutters-col-v-lg-2 gutters-col-v-md-2 gutters-col-v-2\">\n        <!---->\n        <div class=\"h-column h-column-container d-flex h-col-lg-auto h-col-md-auto h-col-auto style-423-outer style-local-175-c25-outer\">\n          <div data-colibri-id=\"175-c25\" class=\"d-flex h-flex-basis h-column__inner h-ui-empty-state-container h-px-lg-2 h-px-md-2 h-px-2 v-inner-lg-2 v-inner-md-2 v-inner-2 style-423 style-local-175-c25 position-relative\">\n            <!---->\n            <!---->\n            <div class=\"w-100 h-y-container h-column__content h-column__v-align flex-basis-100\">\n              <!---->\n            <\/div>\n          <\/div>\n        <\/div>\n      <\/div>\n    <\/div>\n  <\/div>\n<\/div>\n<\/div>","protected":false},"excerpt":{"rendered":"<p>melhores pre\u00e7os Voc\u00ea n\u00e3o precisa pagar caro para se qualificar. Nossos pre\u00e7os s\u00e3o acess\u00edveis! 100% online Utilizamos a plataforma Hotmart\u00a9&nbsp; para a venda de nossos cursos. melhores professores Aprenda com profissionais especializados e experientes. Trabalhamos pela sa\u00fade Somos desenvolvedores&nbsp;de cursos de treinamento na \u00e1rea da sa\u00fade. Estamos sempre atualizados e adicionamos, frequentemente, novos treinamentos da [&hellip;]<\/p>\n","protected":false},"author":1,"featured_media":0,"parent":0,"menu_order":0,"comment_status":"closed","ping_status":"closed","template":"page-templates\/full-width-page.php","meta":[],"_links":{"self":[{"href":"https:\/\/ilaq.com.br\/index.php?rest_route=\/wp\/v2\/pages\/175"}],"collection":[{"href":"https:\/\/ilaq.com.br\/index.php?rest_route=\/wp\/v2\/pages"}],"about":[{"href":"https:\/\/ilaq.com.br\/index.php?rest_route=\/wp\/v2\/types\/page"}],"author":[{"embeddable":true,"href":"https:\/\/ilaq.com.br\/index.php?rest_route=\/wp\/v2\/users\/1"}],"replies":[{"embeddable":true,"href":"https:\/\/ilaq.com.br\/index.php?rest_route=%2Fwp%2Fv2%2Fcomments&post=175"}],"version-history":[{"count":20,"href":"https:\/\/ilaq.com.br\/index.php?rest_route=\/wp\/v2\/pages\/175\/revisions"}],"predecessor-version":[{"id":749,"href":"https:\/\/ilaq.com.br\/index.php?rest_route=\/wp\/v2\/pages\/175\/revisions\/749"}],"wp:attachment":[{"href":"https:\/\/ilaq.com.br\/index.php?rest_route=%2Fwp%2Fv2%2Fmedia&parent=175"}],"curies":[{"name":"wp","href":"https:\/\/api.w.org\/{rel}","templated":true}]}}