{"id":107,"date":"2021-06-20T16:00:27","date_gmt":"2021-06-20T19:00:27","guid":{"rendered":"http:\/\/ilaq.com.br\/?page_id=107"},"modified":"2021-06-21T19:24:36","modified_gmt":"2021-06-21T22:24:36","slug":"nossos-cursos","status":"publish","type":"page","link":"https:\/\/ilaq.com.br\/?page_id=107","title":{"rendered":"nossos cursos"},"content":{"rendered":"<div data-colibri-id=\"107-c1\" class=\"style-424 style-local-107-c1 position-relative\">\n  <!---->\n  <div data-colibri-component=\"section\" data-colibri-id=\"107-c2\" id=\"custom\" class=\"h-section h-section-global-spacing d-flex align-items-lg-center align-items-md-center align-items-center style-425 style-local-107-c2 position-relative\">\n    <!---->\n    <!---->\n    <div class=\"h-section-grid-container h-section-boxed-container\">\n      <!---->\n      <div data-colibri-id=\"107-c3\" class=\"h-row-container gutters-row-lg-2 gutters-row-md-2 gutters-row-0 gutters-row-v-lg-2 gutters-row-v-md-2 gutters-row-v-2 style-426 style-local-107-c3 position-relative\">\n        <!---->\n        <div class=\"h-row justify-content-lg-center justify-content-md-center justify-content-center align-items-lg-stretch align-items-md-stretch align-items-stretch gutters-col-lg-2 gutters-col-md-2 gutters-col-0 gutters-col-v-lg-2 gutters-col-v-md-2 gutters-col-v-2\">\n          <!---->\n          <div class=\"h-column h-column-container d-flex h-col-lg-auto h-col-md-auto h-col-auto style-427-outer style-local-107-c4-outer\">\n            <div data-colibri-id=\"107-c4\" class=\"d-flex h-flex-basis h-column__inner h-px-lg-2 h-px-md-2 h-px-2 v-inner-lg-2 v-inner-md-2 v-inner-2 style-427 style-local-107-c4 position-relative\">\n              <!---->\n              <!---->\n              <div class=\"w-100 h-y-container h-column__content h-column__v-align flex-basis-100 align-self-lg-start align-self-md-start align-self-start\">\n                <!---->\n                <div data-colibri-id=\"107-c5\" class=\"h-global-transition-all h-heading style-428 style-local-107-c5 position-relative h-element\">\n                  <!---->\n                  <div class=\"h-heading__outer style-428 style-local-107-c5\">\n                    <!---->\n                    <!---->\n                    <h1 class=\"\">N\u00c3O H\u00c1 CURSOS DISON\u00cdVEIS AINDA \ud83d\ude41<\/h1>\n                  <\/div>\n                <\/div>\n              <\/div>\n            <\/div>\n          <\/div>\n        <\/div>\n      <\/div>\n    <\/div>\n  <\/div>\n<\/div>","protected":false},"excerpt":{"rendered":"<p>N\u00c3O H\u00c1 CURSOS DISON\u00cdVEIS AINDA \ud83d\ude41<\/p>\n","protected":false},"author":1,"featured_media":0,"parent":0,"menu_order":0,"comment_status":"closed","ping_status":"closed","template":"page-templates\/full-width-page.php","meta":[],"_links":{"self":[{"href":"https:\/\/ilaq.com.br\/index.php?rest_route=\/wp\/v2\/pages\/107"}],"collection":[{"href":"https:\/\/ilaq.com.br\/index.php?rest_route=\/wp\/v2\/pages"}],"about":[{"href":"https:\/\/ilaq.com.br\/index.php?rest_route=\/wp\/v2\/types\/page"}],"author":[{"embeddable":true,"href":"https:\/\/ilaq.com.br\/index.php?rest_route=\/wp\/v2\/users\/1"}],"replies":[{"embeddable":true,"href":"https:\/\/ilaq.com.br\/index.php?rest_route=%2Fwp%2Fv2%2Fcomments&post=107"}],"version-history":[{"count":4,"href":"https:\/\/ilaq.com.br\/index.php?rest_route=\/wp\/v2\/pages\/107\/revisions"}],"predecessor-version":[{"id":359,"href":"https:\/\/ilaq.com.br\/index.php?rest_route=\/wp\/v2\/pages\/107\/revisions\/359"}],"wp:attachment":[{"href":"https:\/\/ilaq.com.br\/index.php?rest_route=%2Fwp%2Fv2%2Fmedia&parent=107"}],"curies":[{"name":"wp","href":"https:\/\/api.w.org\/{rel}","templated":true}]}}